{"id":300,"date":"2020-04-13T17:24:58","date_gmt":"2020-04-13T17:24:58","guid":{"rendered":"http:\/\/fx.todomiarte.es\/?page_id=300"},"modified":"2020-05-13T16:44:06","modified_gmt":"2020-05-13T16:44:06","slug":"nuevos-trabajos","status":"publish","type":"page","link":"https:\/\/www.todomiarte.es\/?page_id=300","title":{"rendered":"Nuevos trabajos&#8230;"},"content":{"rendered":"\n<p>Aqu\u00ed os muestro mis nuevos proyectos y poco a poco ir\u00e9 a\u00f1adiendo cosas nuevas hechas con mucha ilusi\u00f3n y con la intenci\u00f3n de que os gusten mucho&#8230;<\/p>\n\n\n\n<div class=\"wp-block-columns is-layout-flex wp-container-core-columns-is-layout-1 wp-block-columns-is-layout-flex\">\n<div class=\"wp-block-column is-layout-flow wp-block-column-is-layout-flow\">\n<div class=\"wp-block-image is-style-default\"><figure class=\"aligncenter size-large is-resized\"><a href=\"http:\/\/fx.todomiarte.es\/?page_id=307\"><img loading=\"lazy\" decoding=\"async\" src=\"http:\/\/fx.todomiarte.es\/wp-content\/uploads\/2020\/04\/Recuerdos-animales-1-700x1217.jpg\" alt=\"\" class=\"wp-image-313\" width=\"157\" height=\"272\" srcset=\"https:\/\/www.todomiarte.es\/wp-content\/uploads\/2020\/04\/Recuerdos-animales-1-700x1217.jpg 700w, https:\/\/www.todomiarte.es\/wp-content\/uploads\/2020\/04\/Recuerdos-animales-1-768x1336.jpg 768w, https:\/\/www.todomiarte.es\/wp-content\/uploads\/2020\/04\/Recuerdos-animales-1-883x1536.jpg 883w, https:\/\/www.todomiarte.es\/wp-content\/uploads\/2020\/04\/Recuerdos-animales-1-1178x2048.jpg 1178w, https:\/\/www.todomiarte.es\/wp-content\/uploads\/2020\/04\/Recuerdos-animales-1-945x1644.jpg 945w, https:\/\/www.todomiarte.es\/wp-content\/uploads\/2020\/04\/Recuerdos-animales-1-600x1044.jpg 600w, https:\/\/www.todomiarte.es\/wp-content\/uploads\/2020\/04\/Recuerdos-animales-1-scaled.jpg 1472w\" sizes=\"(max-width: 157px) 100vw, 157px\" \/><\/a><figcaption>La huella de tu mejor amigo..<\/figcaption><\/figure><\/div>\n<\/div>\n\n\n\n<div class=\"wp-block-column is-layout-flow wp-block-column-is-layout-flow\">\n<div class=\"wp-block-image is-style-default\"><figure class=\"aligncenter is-resized\"><a href=\"http:\/\/fx.todomiarte.es\/?page_id=289\"><img loading=\"lazy\" decoding=\"async\" src=\"http:\/\/fx.todomiarte.es\/wp-content\/uploads\/2020\/04\/Funko-Summa-700x964.jpg\" alt=\"\" class=\"wp-image-294\" width=\"198\" height=\"272\" srcset=\"https:\/\/www.todomiarte.es\/wp-content\/uploads\/2020\/04\/Funko-Summa-700x964.jpg 700w, https:\/\/www.todomiarte.es\/wp-content\/uploads\/2020\/04\/Funko-Summa-218x300.jpg 218w, https:\/\/www.todomiarte.es\/wp-content\/uploads\/2020\/04\/Funko-Summa-768x1058.jpg 768w, https:\/\/www.todomiarte.es\/wp-content\/uploads\/2020\/04\/Funko-Summa-1115x1536.jpg 1115w, https:\/\/www.todomiarte.es\/wp-content\/uploads\/2020\/04\/Funko-Summa-1487x2048.jpg 1487w, https:\/\/www.todomiarte.es\/wp-content\/uploads\/2020\/04\/Funko-Summa-945x1302.jpg 945w, https:\/\/www.todomiarte.es\/wp-content\/uploads\/2020\/04\/Funko-Summa-600x826.jpg 600w, https:\/\/www.todomiarte.es\/wp-content\/uploads\/2020\/04\/Funko-Summa-scaled.jpg 1859w\" sizes=\"(max-width: 198px) 100vw, 198px\" \/><\/a><figcaption>Covidfofucho&#8230;<\/figcaption><\/figure><\/div>\n<\/div>\n<\/div>\n\n\n\n<div class=\"wp-block-group\"><div class=\"wp-block-group__inner-container is-layout-flow wp-block-group-is-layout-flow\">\n<div class=\"wp-block-image is-style-default\"><figure class=\"alignright size-large is-resized\"><img loading=\"lazy\" decoding=\"async\" src=\"http:\/\/fx.todomiarte.es\/wp-content\/uploads\/2020\/04\/perros-juan-700x677.jpg\" alt=\"\" class=\"wp-image-327\" width=\"243\" height=\"234\" srcset=\"https:\/\/www.todomiarte.es\/wp-content\/uploads\/2020\/04\/perros-juan-700x677.jpg 700w, https:\/\/www.todomiarte.es\/wp-content\/uploads\/2020\/04\/perros-juan-300x290.jpg 300w, https:\/\/www.todomiarte.es\/wp-content\/uploads\/2020\/04\/perros-juan-768x743.jpg 768w, https:\/\/www.todomiarte.es\/wp-content\/uploads\/2020\/04\/perros-juan-1536x1485.jpg 1536w, https:\/\/www.todomiarte.es\/wp-content\/uploads\/2020\/04\/perros-juan-2048x1980.jpg 2048w, https:\/\/www.todomiarte.es\/wp-content\/uploads\/2020\/04\/perros-juan-945x914.jpg 945w, https:\/\/www.todomiarte.es\/wp-content\/uploads\/2020\/04\/perros-juan-600x580.jpg 600w\" sizes=\"(max-width: 243px) 100vw, 243px\" \/><figcaption>Un recuerdo realista de tus mejores amigos&#8230;<\/figcaption><\/figure><\/div>\n<\/div><\/div>\n\n\n\n<div class=\"wp-block-group\"><div class=\"wp-block-group__inner-container is-layout-flow wp-block-group-is-layout-flow\">\n<figure class=\"wp-block-image size-large is-resized\"><a href=\"http:\/\/fx.todomiarte.es\/?page_id=347\"><img loading=\"lazy\" decoding=\"async\" src=\"http:\/\/fx.todomiarte.es\/wp-content\/uploads\/2020\/05\/Joker-2019-Joaquin-Phoenix-3-700x829.jpg\" alt=\"\" class=\"wp-image-349\" width=\"195\" height=\"230\" srcset=\"https:\/\/www.todomiarte.es\/wp-content\/uploads\/2020\/05\/Joker-2019-Joaquin-Phoenix-3-700x829.jpg 700w, https:\/\/www.todomiarte.es\/wp-content\/uploads\/2020\/05\/Joker-2019-Joaquin-Phoenix-3-253x300.jpg 253w, https:\/\/www.todomiarte.es\/wp-content\/uploads\/2020\/05\/Joker-2019-Joaquin-Phoenix-3-768x910.jpg 768w, https:\/\/www.todomiarte.es\/wp-content\/uploads\/2020\/05\/Joker-2019-Joaquin-Phoenix-3-1297x1536.jpg 1297w, https:\/\/www.todomiarte.es\/wp-content\/uploads\/2020\/05\/Joker-2019-Joaquin-Phoenix-3-1729x2048.jpg 1729w, https:\/\/www.todomiarte.es\/wp-content\/uploads\/2020\/05\/Joker-2019-Joaquin-Phoenix-3-945x1119.jpg 945w, https:\/\/www.todomiarte.es\/wp-content\/uploads\/2020\/05\/Joker-2019-Joaquin-Phoenix-3-600x711.jpg 600w\" sizes=\"(max-width: 195px) 100vw, 195px\" \/><\/a><figcaption>Joker 2019 &#8211; Figura artesanal pintada a mano&#8230;<\/figcaption><\/figure>\n<\/div><\/div>\n\n\n\n<div class=\"wp-block-image\"><figure class=\"alignleft size-large is-resized\"><a href=\"http:\/\/fx.todomiarte.es\/?page_id=353\"><img loading=\"lazy\" decoding=\"async\" src=\"http:\/\/fx.todomiarte.es\/wp-content\/uploads\/2020\/05\/Pareja-Lampara-700x700.jpg\" alt=\"\" class=\"wp-image-355\" width=\"250\" height=\"250\" srcset=\"https:\/\/www.todomiarte.es\/wp-content\/uploads\/2020\/05\/Pareja-Lampara-700x700.jpg 700w, https:\/\/www.todomiarte.es\/wp-content\/uploads\/2020\/05\/Pareja-Lampara-300x300.jpg 300w, https:\/\/www.todomiarte.es\/wp-content\/uploads\/2020\/05\/Pareja-Lampara-150x150.jpg 150w, https:\/\/www.todomiarte.es\/wp-content\/uploads\/2020\/05\/Pareja-Lampara-768x768.jpg 768w, https:\/\/www.todomiarte.es\/wp-content\/uploads\/2020\/05\/Pareja-Lampara-1536x1536.jpg 1536w, https:\/\/www.todomiarte.es\/wp-content\/uploads\/2020\/05\/Pareja-Lampara-2048x2048.jpg 2048w, https:\/\/www.todomiarte.es\/wp-content\/uploads\/2020\/05\/Pareja-Lampara-945x945.jpg 945w, https:\/\/www.todomiarte.es\/wp-content\/uploads\/2020\/05\/Pareja-Lampara-600x600.jpg 600w\" sizes=\"(max-width: 250px) 100vw, 250px\" \/><\/a><figcaption>Lampara Led en Figuras de Arcilla Polim\u00e9rica<\/figcaption><\/figure><\/div>\n\n\n\n<div class=\"wp-block-image\"><figure class=\"aligncenter size-large is-resized\"><a href=\"http:\/\/fx.todomiarte.es\/?page_id=362\"><img loading=\"lazy\" decoding=\"async\" src=\"http:\/\/fx.todomiarte.es\/wp-content\/uploads\/2020\/05\/Comunion-3-700x870.jpg\" alt=\"\" class=\"wp-image-364\" width=\"206\" height=\"256\" srcset=\"https:\/\/www.todomiarte.es\/wp-content\/uploads\/2020\/05\/Comunion-3-700x870.jpg 700w, https:\/\/www.todomiarte.es\/wp-content\/uploads\/2020\/05\/Comunion-3-241x300.jpg 241w, https:\/\/www.todomiarte.es\/wp-content\/uploads\/2020\/05\/Comunion-3-768x954.jpg 768w, https:\/\/www.todomiarte.es\/wp-content\/uploads\/2020\/05\/Comunion-3-1236x1536.jpg 1236w, https:\/\/www.todomiarte.es\/wp-content\/uploads\/2020\/05\/Comunion-3-1648x2048.jpg 1648w, https:\/\/www.todomiarte.es\/wp-content\/uploads\/2020\/05\/Comunion-3-945x1174.jpg 945w, https:\/\/www.todomiarte.es\/wp-content\/uploads\/2020\/05\/Comunion-3-600x746.jpg 600w\" sizes=\"(max-width: 206px) 100vw, 206px\" \/><\/a><figcaption>Figuras de Comuni\u00f3n en Arcilla Polim\u00e9rica<\/figcaption><\/figure><\/div>\n","protected":false},"excerpt":{"rendered":"<p>Aqu\u00ed os muestro mis nuevos proyectos y poco a poco ir\u00e9 a\u00f1adiendo cosas nuevas hechas con mucha ilusi\u00f3n y con la intenci\u00f3n de que os gusten mucho&#8230;<\/p>\n","protected":false},"author":1,"featured_media":0,"parent":0,"menu_order":0,"comment_status":"closed","ping_status":"closed","template":"","meta":{"footnotes":""},"jetpack_sharing_enabled":true,"_links":{"self":[{"href":"https:\/\/www.todomiarte.es\/index.php?rest_route=\/wp\/v2\/pages\/300"}],"collection":[{"href":"https:\/\/www.todomiarte.es\/index.php?rest_route=\/wp\/v2\/pages"}],"about":[{"href":"https:\/\/www.todomiarte.es\/index.php?rest_route=\/wp\/v2\/types\/page"}],"author":[{"embeddable":true,"href":"https:\/\/www.todomiarte.es\/index.php?rest_route=\/wp\/v2\/users\/1"}],"replies":[{"embeddable":true,"href":"https:\/\/www.todomiarte.es\/index.php?rest_route=%2Fwp%2Fv2%2Fcomments&post=300"}],"version-history":[{"count":9,"href":"https:\/\/www.todomiarte.es\/index.php?rest_route=\/wp\/v2\/pages\/300\/revisions"}],"predecessor-version":[{"id":383,"href":"https:\/\/www.todomiarte.es\/index.php?rest_route=\/wp\/v2\/pages\/300\/revisions\/383"}],"wp:attachment":[{"href":"https:\/\/www.todomiarte.es\/index.php?rest_route=%2Fwp%2Fv2%2Fmedia&parent=300"}],"curies":[{"name":"wp","href":"https:\/\/api.w.org\/{rel}","templated":true}]}}